{"id":68,"date":"2021-10-13T10:29:59","date_gmt":"2021-10-13T10:29:59","guid":{"rendered":"https:\/\/www.devsnews.com\/wp\/volport\/?page_id=68"},"modified":"2021-10-13T10:29:59","modified_gmt":"2021-10-13T10:29:59","slug":"projects","status":"publish","type":"page","link":"https:\/\/slawatrans.pl\/de\/projects\/","title":{"rendered":"Projekte"},"content":{"rendered":"<div data-elementor-type=\"wp-page\" data-elementor-id=\"68\" class=\"elementor elementor-68\">\n\t\t\t\t\t\t\t\t\t<section class=\"elementor-section elementor-top-section elementor-element elementor-element-4cd9fe6 elementor-section-full_width elementor-section-height-default elementor-section-height-default\" data-id=\"4cd9fe6\" data-element_type=\"section\">\n\t\t\t\t\t\t<div class=\"elementor-container elementor-column-gap-no\">\n\t\t\t\t\t<div class=\"elementor-column elementor-col-100 elementor-top-column elementor-element elementor-element-c602b8a\" data-id=\"c602b8a\" data-element_type=\"column\">\n\t\t\t<div class=\"elementor-widget-wrap elementor-element-populated\">\n\t\t\t\t\t\t\t\t<div class=\"elementor-element elementor-element-35fb380 elementor-widget elementor-widget-post_tab bdevs-el post_tab\" data-id=\"35fb380\" data-element_type=\"widget\" data-settings=\"{&quot;design_style&quot;:&quot;style_1&quot;}\" data-widget_type=\"post_tab.default\">\n\t\t\t\t<div class=\"elementor-widget-container\">\n\t\t\tNo  Posts  Found\t\t<\/div>\n\t\t\t\t<\/div>\n\t\t\t\t\t<\/div>\n\t\t<\/div>\n\t\t\t\t\t\t\t<\/div>\n\t\t<\/section>\n\t\t\t\t\t\t\t<\/div>","protected":false},"excerpt":{"rendered":"<p>View All Freight Forwarding Transport Management Materials Warehouse Materials, Transport Management Miranda Box Transport Freight Forwarding, Materials Miranda Box Transport Freight Forwarding, Warehouse Miranda Box Transport Freight Forwarding, Warehouse Miranda Box Transport Freight Forwarding, Materials Miranda Box Transport Freight Forwarding, Transport Management Miranda Box Transport Freight Forwarding, Warehouse Miranda Box Transport Freight Forwarding, Warehouse Miranda [&hellip;]<\/p>","protected":false},"author":3,"featured_media":0,"parent":0,"menu_order":0,"comment_status":"closed","ping_status":"closed","template":"elementor_header_footer","meta":{"_acf_changed":false,"footnotes":""},"class_list":["post-68","page","type-page","status-publish","hentry"],"acf":[],"yoast_head":"<!-- This site is optimized with the Yoast SEO Premium plugin v22.9 (Yoast SEO v25.6) - https:\/\/yoast.com\/wordpress\/plugins\/seo\/ -->\n<title>Projects - Slawa - Transport i spedycja zagraniczna<\/title>\n<meta name=\"robots\" content=\"index, follow, max-snippet:-1, max-image-preview:large, max-video-preview:-1\" \/>\n<link rel=\"canonical\" href=\"https:\/\/slawatrans.pl\/de\/projects\/\" \/>\n<meta property=\"og:locale\" content=\"de_DE\" \/>\n<meta property=\"og:type\" content=\"article\" \/>\n<meta property=\"og:title\" content=\"Projects\" \/>\n<meta property=\"og:description\" content=\"View All Freight Forwarding Transport Management Materials Warehouse Materials, Transport Management Miranda Box Transport Freight Forwarding, Materials Miranda Box Transport Freight Forwarding, Warehouse Miranda Box Transport Freight Forwarding, Warehouse Miranda Box Transport Freight Forwarding, Materials Miranda Box Transport Freight Forwarding, Transport Management Miranda Box Transport Freight Forwarding, Warehouse Miranda Box Transport Freight Forwarding, Warehouse Miranda [&hellip;]\" \/>\n<meta property=\"og:url\" content=\"https:\/\/slawatrans.pl\/de\/projects\/\" \/>\n<meta property=\"og:site_name\" content=\"Slawa - Transport i spedycja zagraniczna\" \/>\n<meta property=\"article:publisher\" content=\"https:\/\/www.facebook.com\/profile.php?id=61566796122259\" \/>\n<meta property=\"og:image\" content=\"https:\/\/www.devsnews.com\/wp\/volport\/wp-content\/uploads\/2021\/12\/pr-img5.jpg\" \/>\n<meta name=\"twitter:card\" content=\"summary_large_image\" \/>\n<script type=\"application\/ld+json\" class=\"yoast-schema-graph\">{\"@context\":\"https:\/\/schema.org\",\"@graph\":[{\"@type\":\"WebPage\",\"@id\":\"https:\/\/slawatrans.pl\/projects\/\",\"url\":\"https:\/\/slawatrans.pl\/projects\/\",\"name\":\"Projects - Slawa - Transport i spedycja zagraniczna\",\"isPartOf\":{\"@id\":\"https:\/\/slawatrans.pl\/#website\"},\"primaryImageOfPage\":{\"@id\":\"https:\/\/slawatrans.pl\/projects\/#primaryimage\"},\"image\":{\"@id\":\"https:\/\/slawatrans.pl\/projects\/#primaryimage\"},\"thumbnailUrl\":\"https:\/\/www.devsnews.com\/wp\/volport\/wp-content\/uploads\/2021\/12\/pr-img5.jpg\",\"datePublished\":\"2021-10-13T10:29:59+00:00\",\"breadcrumb\":{\"@id\":\"https:\/\/slawatrans.pl\/projects\/#breadcrumb\"},\"inLanguage\":\"de\",\"potentialAction\":[{\"@type\":\"ReadAction\",\"target\":[\"https:\/\/slawatrans.pl\/projects\/\"]}]},{\"@type\":\"ImageObject\",\"inLanguage\":\"de\",\"@id\":\"https:\/\/slawatrans.pl\/projects\/#primaryimage\",\"url\":\"https:\/\/www.devsnews.com\/wp\/volport\/wp-content\/uploads\/2021\/12\/pr-img5.jpg\",\"contentUrl\":\"https:\/\/www.devsnews.com\/wp\/volport\/wp-content\/uploads\/2021\/12\/pr-img5.jpg\"},{\"@type\":\"BreadcrumbList\",\"@id\":\"https:\/\/slawatrans.pl\/projects\/#breadcrumb\",\"itemListElement\":[{\"@type\":\"ListItem\",\"position\":1,\"name\":\"Strona g\u0142\u00f3wna\",\"item\":\"https:\/\/slawatrans.pl\/\"},{\"@type\":\"ListItem\",\"position\":2,\"name\":\"Projects\"}]},{\"@type\":\"WebSite\",\"@id\":\"https:\/\/slawatrans.pl\/#website\",\"url\":\"https:\/\/slawatrans.pl\/\",\"name\":\"Slawa - Transport farmaceutyczny i towarowy\",\"description\":\"Ekspresowe przewozy towarowe, farmaceutyczne i spedycja\",\"publisher\":{\"@id\":\"https:\/\/slawatrans.pl\/#organization\"},\"potentialAction\":[{\"@type\":\"SearchAction\",\"target\":{\"@type\":\"EntryPoint\",\"urlTemplate\":\"https:\/\/slawatrans.pl\/?s={search_term_string}\"},\"query-input\":{\"@type\":\"PropertyValueSpecification\",\"valueRequired\":true,\"valueName\":\"search_term_string\"}}],\"inLanguage\":\"de\"},{\"@type\":\"Organization\",\"@id\":\"https:\/\/slawatrans.pl\/#organization\",\"name\":\"SLAWA TRANS\",\"alternateName\":\"SLAWA Transport\",\"url\":\"https:\/\/slawatrans.pl\/\",\"logo\":{\"@type\":\"ImageObject\",\"inLanguage\":\"de\",\"@id\":\"https:\/\/slawatrans.pl\/#\/schema\/logo\/image\/\",\"url\":\"https:\/\/slawatrans.pl\/wp-content\/uploads\/SLAWA-TRANS-Logo.png\",\"contentUrl\":\"https:\/\/slawatrans.pl\/wp-content\/uploads\/SLAWA-TRANS-Logo.png\",\"width\":761,\"height\":227,\"caption\":\"SLAWA TRANS\"},\"image\":{\"@id\":\"https:\/\/slawatrans.pl\/#\/schema\/logo\/image\/\"},\"sameAs\":[\"https:\/\/www.facebook.com\/profile.php?id=61566796122259\"],\"description\":\"Slawa Trans to ekspert w dziedzinie transportu i logistyki, oferuj\u0105cy szerok\u0105 gam\u0119 us\u0142ug dostosowanych do potrzeb najbardziej wymagaj\u0105cych klient\u00f3w. Transport farmaceutyk\u00f3w i nie tylko w temperaturze kontrolowanej.\",\"email\":\"ela@slawatrans.pl\",\"telephone\":\"+48 733 806 806\",\"legalName\":\"SLAWA SP\u00d3\u0141KA Z OGRANICZON\u0104 ODPOWIEDZIALNO\u015aCI\u0104\",\"foundingDate\":\"2011-03-04\",\"vatID\":\"5512619509\",\"taxID\":\"PL5512619509\",\"numberOfEmployees\":{\"@type\":\"QuantitativeValue\",\"minValue\":\"11\",\"maxValue\":\"50\"}}]}<\/script>\n<!-- \/ Yoast SEO Premium plugin. -->","yoast_head_json":{"title":"Projects - Slawa - Transport i spedycja zagraniczna","robots":{"index":"index","follow":"follow","max-snippet":"max-snippet:-1","max-image-preview":"max-image-preview:large","max-video-preview":"max-video-preview:-1"},"canonical":"https:\/\/slawatrans.pl\/de\/projects\/","og_locale":"de_DE","og_type":"article","og_title":"Projects","og_description":"View All Freight Forwarding Transport Management Materials Warehouse Materials, Transport Management Miranda Box Transport Freight Forwarding, Materials Miranda Box Transport Freight Forwarding, Warehouse Miranda Box Transport Freight Forwarding, Warehouse Miranda Box Transport Freight Forwarding, Materials Miranda Box Transport Freight Forwarding, Transport Management Miranda Box Transport Freight Forwarding, Warehouse Miranda Box Transport Freight Forwarding, Warehouse Miranda [&hellip;]","og_url":"https:\/\/slawatrans.pl\/de\/projects\/","og_site_name":"Slawa - Transport i spedycja zagraniczna","article_publisher":"https:\/\/www.facebook.com\/profile.php?id=61566796122259","og_image":[{"url":"https:\/\/www.devsnews.com\/wp\/volport\/wp-content\/uploads\/2021\/12\/pr-img5.jpg","type":"","width":"","height":""}],"twitter_card":"summary_large_image","schema":{"@context":"https:\/\/schema.org","@graph":[{"@type":"WebPage","@id":"https:\/\/slawatrans.pl\/projects\/","url":"https:\/\/slawatrans.pl\/projects\/","name":"Projects - Slawa - Transport i spedycja zagraniczna","isPartOf":{"@id":"https:\/\/slawatrans.pl\/#website"},"primaryImageOfPage":{"@id":"https:\/\/slawatrans.pl\/projects\/#primaryimage"},"image":{"@id":"https:\/\/slawatrans.pl\/projects\/#primaryimage"},"thumbnailUrl":"https:\/\/www.devsnews.com\/wp\/volport\/wp-content\/uploads\/2021\/12\/pr-img5.jpg","datePublished":"2021-10-13T10:29:59+00:00","breadcrumb":{"@id":"https:\/\/slawatrans.pl\/projects\/#breadcrumb"},"inLanguage":"de","potentialAction":[{"@type":"ReadAction","target":["https:\/\/slawatrans.pl\/projects\/"]}]},{"@type":"ImageObject","inLanguage":"de","@id":"https:\/\/slawatrans.pl\/projects\/#primaryimage","url":"https:\/\/www.devsnews.com\/wp\/volport\/wp-content\/uploads\/2021\/12\/pr-img5.jpg","contentUrl":"https:\/\/www.devsnews.com\/wp\/volport\/wp-content\/uploads\/2021\/12\/pr-img5.jpg"},{"@type":"BreadcrumbList","@id":"https:\/\/slawatrans.pl\/projects\/#breadcrumb","itemListElement":[{"@type":"ListItem","position":1,"name":"Strona g\u0142\u00f3wna","item":"https:\/\/slawatrans.pl\/"},{"@type":"ListItem","position":2,"name":"Projects"}]},{"@type":"WebSite","@id":"https:\/\/slawatrans.pl\/#website","url":"https:\/\/slawatrans.pl\/","name":"Slawa - Transport farmaceutyczny i towarowy","description":"Ekspresowe przewozy towarowe, farmaceutyczne i spedycja","publisher":{"@id":"https:\/\/slawatrans.pl\/#organization"},"potentialAction":[{"@type":"SearchAction","target":{"@type":"EntryPoint","urlTemplate":"https:\/\/slawatrans.pl\/?s={search_term_string}"},"query-input":{"@type":"PropertyValueSpecification","valueRequired":true,"valueName":"search_term_string"}}],"inLanguage":"de"},{"@type":"Organization","@id":"https:\/\/slawatrans.pl\/#organization","name":"SLAWA TRANS","alternateName":"SLAWA Transport","url":"https:\/\/slawatrans.pl\/","logo":{"@type":"ImageObject","inLanguage":"de","@id":"https:\/\/slawatrans.pl\/#\/schema\/logo\/image\/","url":"https:\/\/slawatrans.pl\/wp-content\/uploads\/SLAWA-TRANS-Logo.png","contentUrl":"https:\/\/slawatrans.pl\/wp-content\/uploads\/SLAWA-TRANS-Logo.png","width":761,"height":227,"caption":"SLAWA TRANS"},"image":{"@id":"https:\/\/slawatrans.pl\/#\/schema\/logo\/image\/"},"sameAs":["https:\/\/www.facebook.com\/profile.php?id=61566796122259"],"description":"Slawa Trans to ekspert w dziedzinie transportu i logistyki, oferuj\u0105cy szerok\u0105 gam\u0119 us\u0142ug dostosowanych do potrzeb najbardziej wymagaj\u0105cych klient\u00f3w. Transport farmaceutyk\u00f3w i nie tylko w temperaturze kontrolowanej.","email":"ela@slawatrans.pl","telephone":"+48 733 806 806","legalName":"SLAWA SP\u00d3\u0141KA Z OGRANICZON\u0104 ODPOWIEDZIALNO\u015aCI\u0104","foundingDate":"2011-03-04","vatID":"5512619509","taxID":"PL5512619509","numberOfEmployees":{"@type":"QuantitativeValue","minValue":"11","maxValue":"50"}}]}},"_links":{"self":[{"href":"https:\/\/slawatrans.pl\/de\/wp-json\/wp\/v2\/pages\/68","targetHints":{"allow":["GET"]}}],"collection":[{"href":"https:\/\/slawatrans.pl\/de\/wp-json\/wp\/v2\/pages"}],"about":[{"href":"https:\/\/slawatrans.pl\/de\/wp-json\/wp\/v2\/types\/page"}],"author":[{"embeddable":true,"href":"https:\/\/slawatrans.pl\/de\/wp-json\/wp\/v2\/users\/3"}],"replies":[{"embeddable":true,"href":"https:\/\/slawatrans.pl\/de\/wp-json\/wp\/v2\/comments?post=68"}],"version-history":[{"count":0,"href":"https:\/\/slawatrans.pl\/de\/wp-json\/wp\/v2\/pages\/68\/revisions"}],"wp:attachment":[{"href":"https:\/\/slawatrans.pl\/de\/wp-json\/wp\/v2\/media?parent=68"}],"curies":[{"name":"wp","href":"https:\/\/api.w.org\/{rel}","templated":true}]}}