{"id":898,"date":"2021-12-09T10:11:13","date_gmt":"2021-12-09T10:11:13","guid":{"rendered":"https:\/\/www.devsnews.com\/wp\/volport\/?page_id=898"},"modified":"2024-11-12T16:49:40","modified_gmt":"2024-11-12T15:49:40","slug":"kontakt","status":"publish","type":"page","link":"https:\/\/slawatrans.pl\/en\/contact\/","title":{"rendered":"Contact"},"content":{"rendered":"<div data-elementor-type=\"wp-page\" data-elementor-id=\"898\" class=\"elementor elementor-898\">\n\t\t\t\t\t\t\t\t\t<section class=\"elementor-section elementor-top-section elementor-element elementor-element-bc9bd1d elementor-section-full_width elementor-section-height-default elementor-section-height-default\" data-id=\"bc9bd1d\" data-element_type=\"section\" data-settings=\"{&quot;background_background&quot;:&quot;classic&quot;}\">\n\t\t\t\t\t\t<div class=\"elementor-container elementor-column-gap-no\">\n\t\t\t\t\t<div class=\"elementor-column elementor-col-100 elementor-top-column elementor-element elementor-element-5aa99a4\" data-id=\"5aa99a4\" data-element_type=\"column\">\n\t\t\t<div class=\"elementor-widget-wrap elementor-element-populated\">\n\t\t\t\t\t\t\t\t<div class=\"elementor-element elementor-element-5b1c0ca elementor-widget elementor-widget-contact_info bdevs-el contact_info\" data-id=\"5b1c0ca\" data-element_type=\"widget\" data-widget_type=\"contact_info.default\">\n\t\t\t\t<div class=\"elementor-widget-container\">\n\t\t\t        <div class=\"row g-0\">\n            <div class=\"col-lg-5\">\n                <ul class=\"office-address\">\n                                        <li>\n                        <div class=\"office-address-icon\">\n                                                                <i aria-hidden=\"true\" class=\"fas fa-map-marker-alt\"><\/i>                                                    <\/div>\n                        <div class=\"office-address-meta\">\n                                                            <h5>Address<\/h5>\n                                                                                <span>1 R\u00f3\u017cana St., 34-100 Tomice<\/span>\n                                                <\/div>\n                    <\/li>\n                                         <li>\n                        <div class=\"office-address-icon\">\n                                                                <i aria-hidden=\"true\" class=\"fas fa-phone\"><\/i>                                                    <\/div>\n                        <div class=\"office-address-meta\">\n                                                            <h5>Phone Number<\/h5>\n                                                                                <span>+48 733 806 806<\/span>\n                                                <\/div>\n                    <\/li>\n                                         <li>\n                        <div class=\"office-address-icon\">\n                                                                <i aria-hidden=\"true\" class=\"fal fa-phone\"><\/i>                                                    <\/div>\n                        <div class=\"office-address-meta\">\n                                                            <h5>Accounting<\/h5>\n                                                                                <span>+48 793 536 117<\/span>\n                                                <\/div>\n                    <\/li>\n                                         <li>\n                        <div class=\"office-address-icon\">\n                                                                <i aria-hidden=\"true\" class=\"flaticon-email-1\"><\/i>                                                    <\/div>\n                        <div class=\"office-address-meta\">\n                                                            <h5>Email<\/h5>\n                                                                                <span>office@slawatrans.pl<\/span>\n                                                <\/div>\n                    <\/li>\n                                     <\/ul>\n            <\/div>\n                        <div class=\"col-lg-7\">\n                <div class=\"office-img\">\n                    <img decoding=\"async\" src=\"https:\/\/slawatrans.pl\/wp-content\/uploads\/pexels-pixabay-416320-scaled.jpg\" alt=\"img\">\n                <\/div>\n            <\/div>\n                    <\/div>\n\n        \t\t<\/div>\n\t\t\t\t<\/div>\n\t\t\t\t\t<\/div>\n\t\t<\/div>\n\t\t\t\t\t\t\t<\/div>\n\t\t<\/section>\n\t\t\t\t<section class=\"elementor-section elementor-top-section elementor-element elementor-element-9cf91b2 elementor-section-full_width elementor-section-height-default elementor-section-height-default\" data-id=\"9cf91b2\" data-element_type=\"section\">\n\t\t\t\t\t\t<div class=\"elementor-container elementor-column-gap-no\">\n\t\t\t\t\t<div class=\"elementor-column elementor-col-100 elementor-top-column elementor-element elementor-element-1060d43\" data-id=\"1060d43\" data-element_type=\"column\">\n\t\t\t<div class=\"elementor-widget-wrap elementor-element-populated\">\n\t\t\t\t\t\t\t\t<div class=\"elementor-element elementor-element-d145a8b elementor-widget elementor-widget-cf7 bdevs-el cf7\" data-id=\"d145a8b\" data-element_type=\"widget\" data-settings=\"{&quot;design_style&quot;:&quot;style_1&quot;}\" data-widget_type=\"cf7.default\">\n\t\t\t\t<div class=\"elementor-widget-container\">\n\t\t\t                    <!-- contact form area  -->\n            <div class=\"contact-form\">\n                <div class=\"contact-form-inner\">\n                    <div class=\"container\">\n                        <div class=\"row wow fadeInUp2\">\n                                                            <div class=\"col-xl-12\">\n                                    <div class=\"section-title text-center mb-60\">\n                                                                                    <span class=\"category\">Ask<\/span>\n                                                                                                                            <h2>Request a quote<\/h2>\n                                                                            <\/div>\n                                <\/div>\n                                                        <div class=\"col-xl-12\">\n                                <div class=\"sd-form tmd-form\">\n                                    \n<div class=\"wpcf7 no-js\" id=\"wpcf7-f676-o1\" lang=\"en-US\" dir=\"ltr\" data-wpcf7-id=\"676\">\n<div class=\"screen-reader-response\"><p role=\"status\" aria-live=\"polite\" aria-atomic=\"true\"><\/p> <ul><\/ul><\/div>\n<form action=\"\/en\/wp-json\/wp\/v2\/pages\/898#wpcf7-f676-o1\" method=\"post\" class=\"wpcf7-form init bdevs-cf7-form\" aria-label=\"Contact form\" novalidate=\"novalidate\" data-status=\"init\" data-trp-original-action=\"\/en\/wp-json\/wp\/v2\/pages\/898#wpcf7-f676-o1\">\n<fieldset class=\"hidden-fields-container\"><input type=\"hidden\" name=\"_wpcf7\" value=\"676\" \/><input type=\"hidden\" name=\"_wpcf7_version\" value=\"6.1.4\" \/><input type=\"hidden\" name=\"_wpcf7_locale\" value=\"en_US\" \/><input type=\"hidden\" name=\"_wpcf7_unit_tag\" value=\"wpcf7-f676-o1\" \/><input type=\"hidden\" name=\"_wpcf7_container_post\" value=\"0\" \/><input type=\"hidden\" name=\"_wpcf7_posted_data_hash\" value=\"\" \/><input type=\"hidden\" name=\"_wpcf7_recaptcha_response\" value=\"\" \/>\n<\/fieldset>\n<div class=\"row\">\n\t<div class=\"col-lg-4\">\n\t\t<p><span class=\"wpcf7-form-control-wrap\" data-name=\"your-name\"><input size=\"40\" maxlength=\"400\" class=\"wpcf7-form-control wpcf7-text wpcf7-validates-as-required\" aria-required=\"true\" aria-invalid=\"false\" placeholder=\"Name\" value=\"\" type=\"text\" name=\"your-name\" \/><\/span>\n\t\t<\/p>\n\t<\/div>\n\t<div class=\"col-lg-4\">\n\t\t<p><span class=\"wpcf7-form-control-wrap\" data-name=\"your-phone\"><input size=\"40\" maxlength=\"400\" class=\"wpcf7-form-control wpcf7-tel wpcf7-text wpcf7-validates-as-tel\" aria-invalid=\"false\" placeholder=\"Phone\" value=\"\" type=\"tel\" name=\"your-phone\" \/><\/span>\n\t\t<\/p>\n\t<\/div>\n\t<div class=\"col-lg-4\">\n\t\t<p><span class=\"wpcf7-form-control-wrap\" data-name=\"your-email\"><input size=\"40\" maxlength=\"400\" class=\"wpcf7-form-control wpcf7-email wpcf7-validates-as-required wpcf7-text wpcf7-validates-as-email\" aria-required=\"true\" aria-invalid=\"false\" placeholder=\"Address Email\" value=\"\" type=\"email\" name=\"your-email\" \/><\/span>\n\t\t<\/p>\n\t<\/div>\n\t<div class=\"col-lg-12\">\n\t\t<p><span class=\"wpcf7-form-control-wrap\" data-name=\"your-message\"><textarea cols=\"40\" rows=\"10\" maxlength=\"2000\" class=\"wpcf7-form-control wpcf7-textarea wpcf7-validates-as-required message\" id=\"message\" aria-required=\"true\" aria-invalid=\"false\" placeholder=\"Message\" name=\"your-message\"><\/textarea><\/span>\n\t\t<\/p>\n\t<\/div>\n\t<div class=\"col-lg-12 text-center\">\n\t\t<p><input class=\"wpcf7-form-control wpcf7-submit has-spinner shutter-btn\" type=\"submit\" value=\"Ask\" \/>\n\t\t<\/p>\n\t<\/div>\n<\/div><div class=\"wpcf7-response-output\" aria-hidden=\"true\"><\/div>\n<input type=\"hidden\" name=\"trp-form-language\" value=\"en\"\/><\/form>\n<\/div>\n                                <\/div>\n                            <\/div>\n                        <\/div>\n                    <\/div>\n                <\/div>\n            <\/div>\n            <!-- contact form end -->\n        \n\n\t\t<\/div>\n\t\t\t\t<\/div>\n\t\t\t\t\t<\/div>\n\t\t<\/div>\n\t\t\t\t\t\t\t<\/div>\n\t\t<\/section>\n\t\t\t\t<section class=\"elementor-section elementor-top-section elementor-element elementor-element-6c39c59 elementor-section-full_width elementor-section-height-default elementor-section-height-default\" data-id=\"6c39c59\" data-element_type=\"section\">\n\t\t\t\t\t\t<div class=\"elementor-container elementor-column-gap-no\">\n\t\t\t\t\t<div class=\"elementor-column elementor-col-100 elementor-top-column elementor-element elementor-element-5cff9fe\" data-id=\"5cff9fe\" data-element_type=\"column\">\n\t\t\t<div class=\"elementor-widget-wrap elementor-element-populated\">\n\t\t\t\t\t\t\t\t<div class=\"elementor-element elementor-element-3c76a41 elementor-widget elementor-widget-google_maps\" data-id=\"3c76a41\" data-element_type=\"widget\" data-widget_type=\"google_maps.default\">\n\t\t\t\t<div class=\"elementor-widget-container\">\n\t\t\t<style>\/*! elementor - v3.15.0 - 09-08-2023 *\/\n.elementor-widget-google_maps .elementor-widget-container{overflow:hidden}.elementor-widget-google_maps .elementor-custom-embed{line-height:0}.elementor-widget-google_maps iframe{height:300px}<\/style>\t\t<div class=\"elementor-custom-embed\">\n\t\t\t<iframe loading=\"lazy\"\n\t\t\t\t\tsrc=\"https:\/\/maps.google.com\/maps?q=Legion%C3%B3w%2024%2FII%20pi%C4%99tro%2C%2034-100%20Wadowice&#038;t=m&#038;z=10&#038;output=embed&#038;iwloc=near\"\n\t\t\t\t\ttitle=\"Legion\u00f3w 24\/II floor, 34-100 Wadowice\"\n\t\t\t\t\taria-label=\"Legion\u00f3w 24\/II floor, 34-100 Wadowice\"\n\t\t\t><\/iframe>\n\t\t<\/div>\n\t\t\t\t<\/div>\n\t\t\t\t<\/div>\n\t\t\t\t\t<\/div>\n\t\t<\/div>\n\t\t\t\t\t\t\t<\/div>\n\t\t<\/section>\n\t\t\t\t\t\t\t<\/div>","protected":false},"excerpt":{"rendered":"<p>Address 1 R\u00f3\u017cana St., 34-100 Tomice Phone Number +48 733 806 806 Accounting +48 793 536 117 Email office@slawatrans.pl Ask Ask Ask Ask Ask Ask Ask Ask Ask Ask Ask Ask Ask Ask Ask Ask Ask Ask<\/p>","protected":false},"author":3,"featured_media":0,"parent":0,"menu_order":0,"comment_status":"closed","ping_status":"closed","template":"elementor_header_footer","meta":{"_acf_changed":false,"footnotes":""},"class_list":["post-898","page","type-page","status-publish","hentry"],"acf":[],"yoast_head":"<!-- This site is optimized with the Yoast SEO Premium plugin v22.9 (Yoast SEO v25.6) - https:\/\/yoast.com\/wordpress\/plugins\/seo\/ -->\n<title>Kontakt - Slawa - Transport i spedycja zagraniczna<\/title>\n<meta name=\"robots\" content=\"index, follow, max-snippet:-1, max-image-preview:large, max-video-preview:-1\" \/>\n<link rel=\"canonical\" href=\"https:\/\/slawatrans.pl\/en\/contact\/\" \/>\n<meta property=\"og:locale\" content=\"en_US\" \/>\n<meta property=\"og:type\" content=\"article\" \/>\n<meta property=\"og:title\" content=\"Kontakt\" \/>\n<meta property=\"og:description\" content=\"Adres ul. R\u00f3\u017cana 1, 34-100 Tomice Numer Telefonu +48 733 806 806 Ksi\u0119gowo\u015b\u0107 +48 793 536 117 Email office@slawatrans.pl Zapytaj Popro\u015b o Wycen\u0119 Zapytaj\" \/>\n<meta property=\"og:url\" content=\"https:\/\/slawatrans.pl\/en\/contact\/\" \/>\n<meta property=\"og:site_name\" content=\"Slawa - Transport i spedycja zagraniczna\" \/>\n<meta property=\"article:publisher\" content=\"https:\/\/www.facebook.com\/profile.php?id=61566796122259\" \/>\n<meta property=\"article:modified_time\" content=\"2024-11-12T15:49:40+00:00\" \/>\n<meta property=\"og:image\" content=\"https:\/\/slawatrans.pl\/wp-content\/uploads\/pexels-pixabay-416320-scaled.jpg\" \/>\n<meta name=\"twitter:card\" content=\"summary_large_image\" \/>\n<script type=\"application\/ld+json\" class=\"yoast-schema-graph\">{\"@context\":\"https:\/\/schema.org\",\"@graph\":[{\"@type\":\"WebPage\",\"@id\":\"https:\/\/slawatrans.pl\/kontakt\/\",\"url\":\"https:\/\/slawatrans.pl\/kontakt\/\",\"name\":\"Kontakt - Slawa - Transport i spedycja zagraniczna\",\"isPartOf\":{\"@id\":\"https:\/\/slawatrans.pl\/#website\"},\"primaryImageOfPage\":{\"@id\":\"https:\/\/slawatrans.pl\/kontakt\/#primaryimage\"},\"image\":{\"@id\":\"https:\/\/slawatrans.pl\/kontakt\/#primaryimage\"},\"thumbnailUrl\":\"https:\/\/slawatrans.pl\/wp-content\/uploads\/pexels-pixabay-416320-scaled.jpg\",\"datePublished\":\"2021-12-09T10:11:13+00:00\",\"dateModified\":\"2024-11-12T15:49:40+00:00\",\"breadcrumb\":{\"@id\":\"https:\/\/slawatrans.pl\/kontakt\/#breadcrumb\"},\"inLanguage\":\"en-US\",\"potentialAction\":[{\"@type\":\"ReadAction\",\"target\":[\"https:\/\/slawatrans.pl\/kontakt\/\"]}]},{\"@type\":\"ImageObject\",\"inLanguage\":\"en-US\",\"@id\":\"https:\/\/slawatrans.pl\/kontakt\/#primaryimage\",\"url\":\"https:\/\/slawatrans.pl\/wp-content\/uploads\/pexels-pixabay-416320-scaled.jpg\",\"contentUrl\":\"https:\/\/slawatrans.pl\/wp-content\/uploads\/pexels-pixabay-416320-scaled.jpg\"},{\"@type\":\"BreadcrumbList\",\"@id\":\"https:\/\/slawatrans.pl\/kontakt\/#breadcrumb\",\"itemListElement\":[{\"@type\":\"ListItem\",\"position\":1,\"name\":\"Strona g\u0142\u00f3wna\",\"item\":\"https:\/\/slawatrans.pl\/\"},{\"@type\":\"ListItem\",\"position\":2,\"name\":\"Kontakt\"}]},{\"@type\":\"WebSite\",\"@id\":\"https:\/\/slawatrans.pl\/#website\",\"url\":\"https:\/\/slawatrans.pl\/\",\"name\":\"Slawa - Transport farmaceutyczny i towarowy\",\"description\":\"Ekspresowe przewozy towarowe, farmaceutyczne i spedycja\",\"publisher\":{\"@id\":\"https:\/\/slawatrans.pl\/#organization\"},\"potentialAction\":[{\"@type\":\"SearchAction\",\"target\":{\"@type\":\"EntryPoint\",\"urlTemplate\":\"https:\/\/slawatrans.pl\/?s={search_term_string}\"},\"query-input\":{\"@type\":\"PropertyValueSpecification\",\"valueRequired\":true,\"valueName\":\"search_term_string\"}}],\"inLanguage\":\"en-US\"},{\"@type\":\"Organization\",\"@id\":\"https:\/\/slawatrans.pl\/#organization\",\"name\":\"SLAWA TRANS\",\"alternateName\":\"SLAWA Transport\",\"url\":\"https:\/\/slawatrans.pl\/\",\"logo\":{\"@type\":\"ImageObject\",\"inLanguage\":\"en-US\",\"@id\":\"https:\/\/slawatrans.pl\/#\/schema\/logo\/image\/\",\"url\":\"https:\/\/slawatrans.pl\/wp-content\/uploads\/SLAWA-TRANS-Logo.png\",\"contentUrl\":\"https:\/\/slawatrans.pl\/wp-content\/uploads\/SLAWA-TRANS-Logo.png\",\"width\":761,\"height\":227,\"caption\":\"SLAWA TRANS\"},\"image\":{\"@id\":\"https:\/\/slawatrans.pl\/#\/schema\/logo\/image\/\"},\"sameAs\":[\"https:\/\/www.facebook.com\/profile.php?id=61566796122259\"],\"description\":\"Slawa Trans to ekspert w dziedzinie transportu i logistyki, oferuj\u0105cy szerok\u0105 gam\u0119 us\u0142ug dostosowanych do potrzeb najbardziej wymagaj\u0105cych klient\u00f3w. Transport farmaceutyk\u00f3w i nie tylko w temperaturze kontrolowanej.\",\"email\":\"ela@slawatrans.pl\",\"telephone\":\"+48 733 806 806\",\"legalName\":\"SLAWA SP\u00d3\u0141KA Z OGRANICZON\u0104 ODPOWIEDZIALNO\u015aCI\u0104\",\"foundingDate\":\"2011-03-04\",\"vatID\":\"5512619509\",\"taxID\":\"PL5512619509\",\"numberOfEmployees\":{\"@type\":\"QuantitativeValue\",\"minValue\":\"11\",\"maxValue\":\"50\"}}]}<\/script>\n<!-- \/ Yoast SEO Premium plugin. -->","yoast_head_json":{"title":"Kontakt - Slawa - Transport i spedycja zagraniczna","robots":{"index":"index","follow":"follow","max-snippet":"max-snippet:-1","max-image-preview":"max-image-preview:large","max-video-preview":"max-video-preview:-1"},"canonical":"https:\/\/slawatrans.pl\/en\/contact\/","og_locale":"en_US","og_type":"article","og_title":"Kontakt","og_description":"Adres ul. R\u00f3\u017cana 1, 34-100 Tomice Numer Telefonu +48 733 806 806 Ksi\u0119gowo\u015b\u0107 +48 793 536 117 Email office@slawatrans.pl Zapytaj Popro\u015b o Wycen\u0119 Zapytaj","og_url":"https:\/\/slawatrans.pl\/en\/contact\/","og_site_name":"Slawa - Transport i spedycja zagraniczna","article_publisher":"https:\/\/www.facebook.com\/profile.php?id=61566796122259","article_modified_time":"2024-11-12T15:49:40+00:00","og_image":[{"url":"https:\/\/slawatrans.pl\/wp-content\/uploads\/pexels-pixabay-416320-scaled.jpg","type":"","width":"","height":""}],"twitter_card":"summary_large_image","schema":{"@context":"https:\/\/schema.org","@graph":[{"@type":"WebPage","@id":"https:\/\/slawatrans.pl\/kontakt\/","url":"https:\/\/slawatrans.pl\/kontakt\/","name":"Kontakt - Slawa - Transport i spedycja zagraniczna","isPartOf":{"@id":"https:\/\/slawatrans.pl\/#website"},"primaryImageOfPage":{"@id":"https:\/\/slawatrans.pl\/kontakt\/#primaryimage"},"image":{"@id":"https:\/\/slawatrans.pl\/kontakt\/#primaryimage"},"thumbnailUrl":"https:\/\/slawatrans.pl\/wp-content\/uploads\/pexels-pixabay-416320-scaled.jpg","datePublished":"2021-12-09T10:11:13+00:00","dateModified":"2024-11-12T15:49:40+00:00","breadcrumb":{"@id":"https:\/\/slawatrans.pl\/kontakt\/#breadcrumb"},"inLanguage":"en-US","potentialAction":[{"@type":"ReadAction","target":["https:\/\/slawatrans.pl\/kontakt\/"]}]},{"@type":"ImageObject","inLanguage":"en-US","@id":"https:\/\/slawatrans.pl\/kontakt\/#primaryimage","url":"https:\/\/slawatrans.pl\/wp-content\/uploads\/pexels-pixabay-416320-scaled.jpg","contentUrl":"https:\/\/slawatrans.pl\/wp-content\/uploads\/pexels-pixabay-416320-scaled.jpg"},{"@type":"BreadcrumbList","@id":"https:\/\/slawatrans.pl\/kontakt\/#breadcrumb","itemListElement":[{"@type":"ListItem","position":1,"name":"Strona g\u0142\u00f3wna","item":"https:\/\/slawatrans.pl\/"},{"@type":"ListItem","position":2,"name":"Kontakt"}]},{"@type":"WebSite","@id":"https:\/\/slawatrans.pl\/#website","url":"https:\/\/slawatrans.pl\/","name":"Slawa - Transport farmaceutyczny i towarowy","description":"Ekspresowe przewozy towarowe, farmaceutyczne i spedycja","publisher":{"@id":"https:\/\/slawatrans.pl\/#organization"},"potentialAction":[{"@type":"SearchAction","target":{"@type":"EntryPoint","urlTemplate":"https:\/\/slawatrans.pl\/?s={search_term_string}"},"query-input":{"@type":"PropertyValueSpecification","valueRequired":true,"valueName":"search_term_string"}}],"inLanguage":"en-US"},{"@type":"Organization","@id":"https:\/\/slawatrans.pl\/#organization","name":"SLAWA TRANS","alternateName":"SLAWA Transport","url":"https:\/\/slawatrans.pl\/","logo":{"@type":"ImageObject","inLanguage":"en-US","@id":"https:\/\/slawatrans.pl\/#\/schema\/logo\/image\/","url":"https:\/\/slawatrans.pl\/wp-content\/uploads\/SLAWA-TRANS-Logo.png","contentUrl":"https:\/\/slawatrans.pl\/wp-content\/uploads\/SLAWA-TRANS-Logo.png","width":761,"height":227,"caption":"SLAWA TRANS"},"image":{"@id":"https:\/\/slawatrans.pl\/#\/schema\/logo\/image\/"},"sameAs":["https:\/\/www.facebook.com\/profile.php?id=61566796122259"],"description":"Slawa Trans to ekspert w dziedzinie transportu i logistyki, oferuj\u0105cy szerok\u0105 gam\u0119 us\u0142ug dostosowanych do potrzeb najbardziej wymagaj\u0105cych klient\u00f3w. Transport farmaceutyk\u00f3w i nie tylko w temperaturze kontrolowanej.","email":"ela@slawatrans.pl","telephone":"+48 733 806 806","legalName":"SLAWA SP\u00d3\u0141KA Z OGRANICZON\u0104 ODPOWIEDZIALNO\u015aCI\u0104","foundingDate":"2011-03-04","vatID":"5512619509","taxID":"PL5512619509","numberOfEmployees":{"@type":"QuantitativeValue","minValue":"11","maxValue":"50"}}]}},"_links":{"self":[{"href":"https:\/\/slawatrans.pl\/en\/wp-json\/wp\/v2\/pages\/898","targetHints":{"allow":["GET"]}}],"collection":[{"href":"https:\/\/slawatrans.pl\/en\/wp-json\/wp\/v2\/pages"}],"about":[{"href":"https:\/\/slawatrans.pl\/en\/wp-json\/wp\/v2\/types\/page"}],"author":[{"embeddable":true,"href":"https:\/\/slawatrans.pl\/en\/wp-json\/wp\/v2\/users\/3"}],"replies":[{"embeddable":true,"href":"https:\/\/slawatrans.pl\/en\/wp-json\/wp\/v2\/comments?post=898"}],"version-history":[{"count":39,"href":"https:\/\/slawatrans.pl\/en\/wp-json\/wp\/v2\/pages\/898\/revisions"}],"predecessor-version":[{"id":14993,"href":"https:\/\/slawatrans.pl\/en\/wp-json\/wp\/v2\/pages\/898\/revisions\/14993"}],"wp:attachment":[{"href":"https:\/\/slawatrans.pl\/en\/wp-json\/wp\/v2\/media?parent=898"}],"curies":[{"name":"wp","href":"https:\/\/api.w.org\/{rel}","templated":true}]}}