{"id":1195,"date":"2021-12-11T06:16:41","date_gmt":"2021-12-11T06:16:41","guid":{"rendered":"https:\/\/www.devsnews.com\/wp\/volport\/?page_id=1195"},"modified":"2021-12-11T06:16:41","modified_gmt":"2021-12-11T06:16:41","slug":"service-details","status":"publish","type":"page","link":"https:\/\/slawatrans.pl\/es\/detalles-del-servicio\/","title":{"rendered":"Detalles del servicio"},"content":{"rendered":"<div data-elementor-type=\"wp-page\" data-elementor-id=\"1195\" class=\"elementor elementor-1195\">\n\t\t\t\t\t\t\t\t\t<section class=\"elementor-section elementor-top-section elementor-element elementor-element-c6e28d2 elementor-section-boxed elementor-section-height-default elementor-section-height-default\" data-id=\"c6e28d2\" data-element_type=\"section\">\n\t\t\t\t\t\t<div class=\"elementor-container elementor-column-gap-default\">\n\t\t\t\t\t<div class=\"elementor-column elementor-col-100 elementor-top-column elementor-element elementor-element-3925cac\" data-id=\"3925cac\" data-element_type=\"column\">\n\t\t\t<div class=\"elementor-widget-wrap elementor-element-populated\">\n\t\t\t\t\t\t\t\t<div class=\"elementor-element elementor-element-d369d25 elementor-widget elementor-widget-cf7 bdevs-el cf7\" data-id=\"d369d25\" data-element_type=\"widget\" data-settings=\"{&quot;design_style&quot;:&quot;style_4&quot;}\" data-widget_type=\"cf7.default\">\n\t\t\t\t<div class=\"elementor-widget-container\">\n\t\t\t                    <div class=\"sd-form\">\n                                    <h4>Solicitud personalizada<\/h4>\n                                \n<div class=\"wpcf7 no-js\" id=\"wpcf7-f675-o1\" lang=\"en-US\" dir=\"ltr\" data-wpcf7-id=\"675\">\n<div class=\"screen-reader-response\"><p role=\"status\" aria-live=\"polite\" aria-atomic=\"true\"><\/p> <ul><\/ul><\/div>\n<form action=\"\/es\/wp-json\/wp\/v2\/pages\/1195#wpcf7-f675-o1\" method=\"post\" class=\"wpcf7-form init bdevs-cf7-form\" aria-label=\"Formulario de contacto\" novalidate=\"novalidate\" data-status=\"init\" data-trp-original-action=\"\/es\/wp-json\/wp\/v2\/pages\/1195#wpcf7-f675-o1\">\n<fieldset class=\"hidden-fields-container\"><input type=\"hidden\" name=\"_wpcf7\" value=\"675\" \/><input type=\"hidden\" name=\"_wpcf7_version\" value=\"6.1.4\" \/><input type=\"hidden\" name=\"_wpcf7_locale\" value=\"en_US\" \/><input type=\"hidden\" name=\"_wpcf7_unit_tag\" value=\"wpcf7-f675-o1\" \/><input type=\"hidden\" name=\"_wpcf7_container_post\" value=\"0\" \/><input type=\"hidden\" name=\"_wpcf7_posted_data_hash\" value=\"\" \/><input type=\"hidden\" name=\"_wpcf7_recaptcha_response\" value=\"\" \/>\n<\/fieldset>\n<div class=\"row\">\n\t<div class=\"col-lg-4\">\n\t\t<p><span class=\"wpcf7-form-control-wrap\" data-name=\"text-619\"><input size=\"40\" maxlength=\"400\" class=\"wpcf7-form-control wpcf7-text\" aria-invalid=\"false\" placeholder=\"Nombre y apellidos\" value=\"\" type=\"text\" name=\"text-619\" \/><\/span>\n\t\t<\/p>\n\t<\/div>\n\t<div class=\"col-lg-4\">\n\t\t<p><span class=\"wpcf7-form-control-wrap\" data-name=\"text-619\"><input size=\"40\" maxlength=\"400\" class=\"wpcf7-form-control wpcf7-text\" aria-invalid=\"false\" placeholder=\"N\u00famero de tel\u00e9fono\" value=\"\" type=\"text\" name=\"text-619\" \/><\/span>\n\t\t<\/p>\n\t<\/div>\n\t<div class=\"col-lg-4\">\n\t\t<p><span class=\"wpcf7-form-control-wrap\" data-name=\"email-771\"><input size=\"40\" maxlength=\"400\" class=\"wpcf7-form-control wpcf7-email wpcf7-text wpcf7-validates-as-email\" aria-invalid=\"false\" placeholder=\"Direcci\u00f3n de correo electr\u00f3nico\" value=\"\" type=\"email\" name=\"email-771\" \/><\/span>\n\t\t<\/p>\n\t<\/div>\n\t<div class=\"col-lg-12\">\n\t\t<p><span class=\"wpcf7-form-control-wrap\" data-name=\"textarea-11\"><textarea cols=\"40\" rows=\"10\" maxlength=\"2000\" class=\"wpcf7-form-control wpcf7-textarea message\" id=\"message\" aria-invalid=\"false\" placeholder=\"Mensaje\" name=\"textarea-11\"><\/textarea><\/span>\n\t\t<\/p>\n\t<\/div>\n\t<div class=\"col-lg-12\">\n\t\t<p><button type=\"submit\" class=\"shutter-btn\">hacer una petici\u00f3n<\/button>\n\t\t<\/p>\n\t<\/div>\n<\/div><div class=\"wpcf7-response-output\" aria-hidden=\"true\"><\/div>\n<input type=\"hidden\" name=\"trp-form-language\" value=\"es\"\/><\/form>\n<\/div>\n            <\/div>\n\n        \n\n\t\t<\/div>\n\t\t\t\t<\/div>\n\t\t\t\t\t<\/div>\n\t\t<\/div>\n\t\t\t\t\t\t\t<\/div>\n\t\t<\/section>\n\t\t\t\t\t\t\t<\/div>","protected":false},"excerpt":{"rendered":"<p>Hacer una solicitud personalizada hacer una solicitud<\/p>","protected":false},"author":3,"featured_media":0,"parent":0,"menu_order":0,"comment_status":"closed","ping_status":"closed","template":"page-templaes\/service-details.php","meta":{"_acf_changed":false,"footnotes":""},"class_list":["post-1195","page","type-page","status-publish","hentry"],"acf":[],"yoast_head":"<!-- This site is optimized with the Yoast SEO Premium plugin v22.9 (Yoast SEO v25.6) - https:\/\/yoast.com\/wordpress\/plugins\/seo\/ -->\n<title>Service Details - Slawa - Transport i spedycja zagraniczna<\/title>\n<meta name=\"robots\" content=\"index, follow, max-snippet:-1, max-image-preview:large, max-video-preview:-1\" \/>\n<link rel=\"canonical\" href=\"https:\/\/slawatrans.pl\/es\/detalles-del-servicio\/\" \/>\n<meta property=\"og:locale\" content=\"es_ES\" \/>\n<meta property=\"og:type\" content=\"article\" \/>\n<meta property=\"og:title\" content=\"Service Details\" \/>\n<meta property=\"og:description\" content=\"Make Custom Request make a request\" \/>\n<meta property=\"og:url\" content=\"https:\/\/slawatrans.pl\/es\/detalles-del-servicio\/\" \/>\n<meta property=\"og:site_name\" content=\"Slawa - Transport i spedycja zagraniczna\" \/>\n<meta property=\"article:publisher\" content=\"https:\/\/www.facebook.com\/profile.php?id=61566796122259\" \/>\n<meta name=\"twitter:card\" content=\"summary_large_image\" \/>\n<script type=\"application\/ld+json\" class=\"yoast-schema-graph\">{\"@context\":\"https:\/\/schema.org\",\"@graph\":[{\"@type\":\"WebPage\",\"@id\":\"https:\/\/slawatrans.pl\/service-details\/\",\"url\":\"https:\/\/slawatrans.pl\/service-details\/\",\"name\":\"Service Details - Slawa - Transport i spedycja zagraniczna\",\"isPartOf\":{\"@id\":\"https:\/\/slawatrans.pl\/#website\"},\"datePublished\":\"2021-12-11T06:16:41+00:00\",\"breadcrumb\":{\"@id\":\"https:\/\/slawatrans.pl\/service-details\/#breadcrumb\"},\"inLanguage\":\"es\",\"potentialAction\":[{\"@type\":\"ReadAction\",\"target\":[\"https:\/\/slawatrans.pl\/service-details\/\"]}]},{\"@type\":\"BreadcrumbList\",\"@id\":\"https:\/\/slawatrans.pl\/service-details\/#breadcrumb\",\"itemListElement\":[{\"@type\":\"ListItem\",\"position\":1,\"name\":\"Strona g\u0142\u00f3wna\",\"item\":\"https:\/\/slawatrans.pl\/\"},{\"@type\":\"ListItem\",\"position\":2,\"name\":\"Service Details\"}]},{\"@type\":\"WebSite\",\"@id\":\"https:\/\/slawatrans.pl\/#website\",\"url\":\"https:\/\/slawatrans.pl\/\",\"name\":\"Slawa - Transport farmaceutyczny i towarowy\",\"description\":\"Ekspresowe przewozy towarowe, farmaceutyczne i spedycja\",\"publisher\":{\"@id\":\"https:\/\/slawatrans.pl\/#organization\"},\"potentialAction\":[{\"@type\":\"SearchAction\",\"target\":{\"@type\":\"EntryPoint\",\"urlTemplate\":\"https:\/\/slawatrans.pl\/?s={search_term_string}\"},\"query-input\":{\"@type\":\"PropertyValueSpecification\",\"valueRequired\":true,\"valueName\":\"search_term_string\"}}],\"inLanguage\":\"es\"},{\"@type\":\"Organization\",\"@id\":\"https:\/\/slawatrans.pl\/#organization\",\"name\":\"SLAWA TRANS\",\"alternateName\":\"SLAWA Transport\",\"url\":\"https:\/\/slawatrans.pl\/\",\"logo\":{\"@type\":\"ImageObject\",\"inLanguage\":\"es\",\"@id\":\"https:\/\/slawatrans.pl\/#\/schema\/logo\/image\/\",\"url\":\"https:\/\/slawatrans.pl\/wp-content\/uploads\/SLAWA-TRANS-Logo.png\",\"contentUrl\":\"https:\/\/slawatrans.pl\/wp-content\/uploads\/SLAWA-TRANS-Logo.png\",\"width\":761,\"height\":227,\"caption\":\"SLAWA TRANS\"},\"image\":{\"@id\":\"https:\/\/slawatrans.pl\/#\/schema\/logo\/image\/\"},\"sameAs\":[\"https:\/\/www.facebook.com\/profile.php?id=61566796122259\"],\"description\":\"Slawa Trans to ekspert w dziedzinie transportu i logistyki, oferuj\u0105cy szerok\u0105 gam\u0119 us\u0142ug dostosowanych do potrzeb najbardziej wymagaj\u0105cych klient\u00f3w. Transport farmaceutyk\u00f3w i nie tylko w temperaturze kontrolowanej.\",\"email\":\"ela@slawatrans.pl\",\"telephone\":\"+48 733 806 806\",\"legalName\":\"SLAWA SP\u00d3\u0141KA Z OGRANICZON\u0104 ODPOWIEDZIALNO\u015aCI\u0104\",\"foundingDate\":\"2011-03-04\",\"vatID\":\"5512619509\",\"taxID\":\"PL5512619509\",\"numberOfEmployees\":{\"@type\":\"QuantitativeValue\",\"minValue\":\"11\",\"maxValue\":\"50\"}}]}<\/script>\n<!-- \/ Yoast SEO Premium plugin. -->","yoast_head_json":{"title":"Service Details - Slawa - Transport i spedycja zagraniczna","robots":{"index":"index","follow":"follow","max-snippet":"max-snippet:-1","max-image-preview":"max-image-preview:large","max-video-preview":"max-video-preview:-1"},"canonical":"https:\/\/slawatrans.pl\/es\/detalles-del-servicio\/","og_locale":"es_ES","og_type":"article","og_title":"Service Details","og_description":"Make Custom Request make a request","og_url":"https:\/\/slawatrans.pl\/es\/detalles-del-servicio\/","og_site_name":"Slawa - Transport i spedycja zagraniczna","article_publisher":"https:\/\/www.facebook.com\/profile.php?id=61566796122259","twitter_card":"summary_large_image","schema":{"@context":"https:\/\/schema.org","@graph":[{"@type":"WebPage","@id":"https:\/\/slawatrans.pl\/service-details\/","url":"https:\/\/slawatrans.pl\/service-details\/","name":"Service Details - Slawa - Transport i spedycja zagraniczna","isPartOf":{"@id":"https:\/\/slawatrans.pl\/#website"},"datePublished":"2021-12-11T06:16:41+00:00","breadcrumb":{"@id":"https:\/\/slawatrans.pl\/service-details\/#breadcrumb"},"inLanguage":"es","potentialAction":[{"@type":"ReadAction","target":["https:\/\/slawatrans.pl\/service-details\/"]}]},{"@type":"BreadcrumbList","@id":"https:\/\/slawatrans.pl\/service-details\/#breadcrumb","itemListElement":[{"@type":"ListItem","position":1,"name":"Strona g\u0142\u00f3wna","item":"https:\/\/slawatrans.pl\/"},{"@type":"ListItem","position":2,"name":"Service Details"}]},{"@type":"WebSite","@id":"https:\/\/slawatrans.pl\/#website","url":"https:\/\/slawatrans.pl\/","name":"Slawa - Transport farmaceutyczny i towarowy","description":"Ekspresowe przewozy towarowe, farmaceutyczne i spedycja","publisher":{"@id":"https:\/\/slawatrans.pl\/#organization"},"potentialAction":[{"@type":"SearchAction","target":{"@type":"EntryPoint","urlTemplate":"https:\/\/slawatrans.pl\/?s={search_term_string}"},"query-input":{"@type":"PropertyValueSpecification","valueRequired":true,"valueName":"search_term_string"}}],"inLanguage":"es"},{"@type":"Organization","@id":"https:\/\/slawatrans.pl\/#organization","name":"SLAWA TRANS","alternateName":"SLAWA Transport","url":"https:\/\/slawatrans.pl\/","logo":{"@type":"ImageObject","inLanguage":"es","@id":"https:\/\/slawatrans.pl\/#\/schema\/logo\/image\/","url":"https:\/\/slawatrans.pl\/wp-content\/uploads\/SLAWA-TRANS-Logo.png","contentUrl":"https:\/\/slawatrans.pl\/wp-content\/uploads\/SLAWA-TRANS-Logo.png","width":761,"height":227,"caption":"SLAWA TRANS"},"image":{"@id":"https:\/\/slawatrans.pl\/#\/schema\/logo\/image\/"},"sameAs":["https:\/\/www.facebook.com\/profile.php?id=61566796122259"],"description":"Slawa Trans to ekspert w dziedzinie transportu i logistyki, oferuj\u0105cy szerok\u0105 gam\u0119 us\u0142ug dostosowanych do potrzeb najbardziej wymagaj\u0105cych klient\u00f3w. Transport farmaceutyk\u00f3w i nie tylko w temperaturze kontrolowanej.","email":"ela@slawatrans.pl","telephone":"+48 733 806 806","legalName":"SLAWA SP\u00d3\u0141KA Z OGRANICZON\u0104 ODPOWIEDZIALNO\u015aCI\u0104","foundingDate":"2011-03-04","vatID":"5512619509","taxID":"PL5512619509","numberOfEmployees":{"@type":"QuantitativeValue","minValue":"11","maxValue":"50"}}]}},"_links":{"self":[{"href":"https:\/\/slawatrans.pl\/es\/wp-json\/wp\/v2\/pages\/1195","targetHints":{"allow":["GET"]}}],"collection":[{"href":"https:\/\/slawatrans.pl\/es\/wp-json\/wp\/v2\/pages"}],"about":[{"href":"https:\/\/slawatrans.pl\/es\/wp-json\/wp\/v2\/types\/page"}],"author":[{"embeddable":true,"href":"https:\/\/slawatrans.pl\/es\/wp-json\/wp\/v2\/users\/3"}],"replies":[{"embeddable":true,"href":"https:\/\/slawatrans.pl\/es\/wp-json\/wp\/v2\/comments?post=1195"}],"version-history":[{"count":0,"href":"https:\/\/slawatrans.pl\/es\/wp-json\/wp\/v2\/pages\/1195\/revisions"}],"wp:attachment":[{"href":"https:\/\/slawatrans.pl\/es\/wp-json\/wp\/v2\/media?parent=1195"}],"curies":[{"name":"wp","href":"https:\/\/api.w.org\/{rel}","templated":true}]}}