{"id":14976,"date":"2024-11-10T09:19:33","date_gmt":"2024-11-10T08:19:33","guid":{"rendered":"https:\/\/slawatrans.pl\/strona-glowna-polski\/"},"modified":"2024-11-10T12:56:45","modified_gmt":"2024-11-10T11:56:45","slug":"strona-glowna-polski","status":"publish","type":"page","link":"https:\/\/slawatrans.pl\/nb\/hjemmeside-polen\/","title":{"rendered":"Hjemmeside - Polsk"},"content":{"rendered":"","protected":false},"excerpt":{"rendered":"","protected":false},"author":3,"featured_media":0,"parent":0,"menu_order":0,"comment_status":"closed","ping_status":"closed","template":"","meta":{"_acf_changed":false,"footnotes":""},"class_list":["post-14976","page","type-page","status-publish","hentry"],"acf":[],"yoast_head":"<!-- This site is optimized with the Yoast SEO Premium plugin v22.9 (Yoast SEO v25.6) - https:\/\/yoast.com\/wordpress\/plugins\/seo\/ -->\n<title>Strona G\u0142\u00f3wna - Polski - Slawa - Transport i spedycja zagraniczna<\/title>\n<meta name=\"robots\" content=\"index, follow, max-snippet:-1, max-image-preview:large, max-video-preview:-1\" \/>\n<link rel=\"canonical\" href=\"https:\/\/slawatrans.pl\/nb\/\" \/>\n<meta property=\"og:locale\" content=\"nb_NO\" \/>\n<meta property=\"og:type\" content=\"article\" \/>\n<meta property=\"og:title\" content=\"Strona G\u0142\u00f3wna - Polski\" \/>\n<meta property=\"og:url\" content=\"https:\/\/slawatrans.pl\/nb\/\" \/>\n<meta property=\"og:site_name\" content=\"Slawa - Transport i spedycja zagraniczna\" \/>\n<meta property=\"article:publisher\" content=\"https:\/\/www.facebook.com\/profile.php?id=61566796122259\" \/>\n<meta property=\"article:modified_time\" content=\"2024-11-10T11:56:45+00:00\" \/>\n<meta name=\"twitter:card\" content=\"summary_large_image\" \/>\n<script type=\"application\/ld+json\" class=\"yoast-schema-graph\">{\"@context\":\"https:\/\/schema.org\",\"@graph\":[{\"@type\":\"WebPage\",\"@id\":\"https:\/\/slawatrans.pl\/\",\"url\":\"https:\/\/slawatrans.pl\/\",\"name\":\"Strona G\u0142\u00f3wna - Polski - Slawa - Transport i spedycja zagraniczna\",\"isPartOf\":{\"@id\":\"https:\/\/slawatrans.pl\/#website\"},\"datePublished\":\"2024-11-10T08:19:33+00:00\",\"dateModified\":\"2024-11-10T11:56:45+00:00\",\"breadcrumb\":{\"@id\":\"https:\/\/slawatrans.pl\/#breadcrumb\"},\"inLanguage\":\"nb-NO\",\"potentialAction\":[{\"@type\":\"ReadAction\",\"target\":[\"https:\/\/slawatrans.pl\/\"]}]},{\"@type\":\"BreadcrumbList\",\"@id\":\"https:\/\/slawatrans.pl\/#breadcrumb\",\"itemListElement\":[{\"@type\":\"ListItem\",\"position\":1,\"name\":\"Strona g\u0142\u00f3wna\",\"item\":\"https:\/\/slawatrans.pl\/\"},{\"@type\":\"ListItem\",\"position\":2,\"name\":\"Strona G\u0142\u00f3wna &#8211; Polski\"}]},{\"@type\":\"WebSite\",\"@id\":\"https:\/\/slawatrans.pl\/#website\",\"url\":\"https:\/\/slawatrans.pl\/\",\"name\":\"Slawa - Transport farmaceutyczny i towarowy\",\"description\":\"Ekspresowe przewozy towarowe, farmaceutyczne i spedycja\",\"publisher\":{\"@id\":\"https:\/\/slawatrans.pl\/#organization\"},\"potentialAction\":[{\"@type\":\"SearchAction\",\"target\":{\"@type\":\"EntryPoint\",\"urlTemplate\":\"https:\/\/slawatrans.pl\/?s={search_term_string}\"},\"query-input\":{\"@type\":\"PropertyValueSpecification\",\"valueRequired\":true,\"valueName\":\"search_term_string\"}}],\"inLanguage\":\"nb-NO\"},{\"@type\":\"Organization\",\"@id\":\"https:\/\/slawatrans.pl\/#organization\",\"name\":\"SLAWA TRANS\",\"alternateName\":\"SLAWA Transport\",\"url\":\"https:\/\/slawatrans.pl\/\",\"logo\":{\"@type\":\"ImageObject\",\"inLanguage\":\"nb-NO\",\"@id\":\"https:\/\/slawatrans.pl\/#\/schema\/logo\/image\/\",\"url\":\"https:\/\/slawatrans.pl\/wp-content\/uploads\/SLAWA-TRANS-Logo.png\",\"contentUrl\":\"https:\/\/slawatrans.pl\/wp-content\/uploads\/SLAWA-TRANS-Logo.png\",\"width\":761,\"height\":227,\"caption\":\"SLAWA TRANS\"},\"image\":{\"@id\":\"https:\/\/slawatrans.pl\/#\/schema\/logo\/image\/\"},\"sameAs\":[\"https:\/\/www.facebook.com\/profile.php?id=61566796122259\"],\"description\":\"Slawa Trans to ekspert w dziedzinie transportu i logistyki, oferuj\u0105cy szerok\u0105 gam\u0119 us\u0142ug dostosowanych do potrzeb najbardziej wymagaj\u0105cych klient\u00f3w. Transport farmaceutyk\u00f3w i nie tylko w temperaturze kontrolowanej.\",\"email\":\"ela@slawatrans.pl\",\"telephone\":\"+48 733 806 806\",\"legalName\":\"SLAWA SP\u00d3\u0141KA Z OGRANICZON\u0104 ODPOWIEDZIALNO\u015aCI\u0104\",\"foundingDate\":\"2011-03-04\",\"vatID\":\"5512619509\",\"taxID\":\"PL5512619509\",\"numberOfEmployees\":{\"@type\":\"QuantitativeValue\",\"minValue\":\"11\",\"maxValue\":\"50\"}}]}<\/script>\n<!-- \/ Yoast SEO Premium plugin. -->","yoast_head_json":{"title":"Strona G\u0142\u00f3wna - Polski - Slawa - Transport i spedycja zagraniczna","robots":{"index":"index","follow":"follow","max-snippet":"max-snippet:-1","max-image-preview":"max-image-preview:large","max-video-preview":"max-video-preview:-1"},"canonical":"https:\/\/slawatrans.pl\/nb\/","og_locale":"nb_NO","og_type":"article","og_title":"Strona G\u0142\u00f3wna - Polski","og_url":"https:\/\/slawatrans.pl\/nb\/","og_site_name":"Slawa - Transport i spedycja zagraniczna","article_publisher":"https:\/\/www.facebook.com\/profile.php?id=61566796122259","article_modified_time":"2024-11-10T11:56:45+00:00","twitter_card":"summary_large_image","schema":{"@context":"https:\/\/schema.org","@graph":[{"@type":"WebPage","@id":"https:\/\/slawatrans.pl\/","url":"https:\/\/slawatrans.pl\/","name":"Strona G\u0142\u00f3wna - Polski - Slawa - Transport i spedycja zagraniczna","isPartOf":{"@id":"https:\/\/slawatrans.pl\/#website"},"datePublished":"2024-11-10T08:19:33+00:00","dateModified":"2024-11-10T11:56:45+00:00","breadcrumb":{"@id":"https:\/\/slawatrans.pl\/#breadcrumb"},"inLanguage":"nb-NO","potentialAction":[{"@type":"ReadAction","target":["https:\/\/slawatrans.pl\/"]}]},{"@type":"BreadcrumbList","@id":"https:\/\/slawatrans.pl\/#breadcrumb","itemListElement":[{"@type":"ListItem","position":1,"name":"Strona g\u0142\u00f3wna","item":"https:\/\/slawatrans.pl\/"},{"@type":"ListItem","position":2,"name":"Strona G\u0142\u00f3wna &#8211; Polski"}]},{"@type":"WebSite","@id":"https:\/\/slawatrans.pl\/#website","url":"https:\/\/slawatrans.pl\/","name":"Slawa - Transport farmaceutyczny i towarowy","description":"Ekspresowe przewozy towarowe, farmaceutyczne i spedycja","publisher":{"@id":"https:\/\/slawatrans.pl\/#organization"},"potentialAction":[{"@type":"SearchAction","target":{"@type":"EntryPoint","urlTemplate":"https:\/\/slawatrans.pl\/?s={search_term_string}"},"query-input":{"@type":"PropertyValueSpecification","valueRequired":true,"valueName":"search_term_string"}}],"inLanguage":"nb-NO"},{"@type":"Organization","@id":"https:\/\/slawatrans.pl\/#organization","name":"SLAWA TRANS","alternateName":"SLAWA Transport","url":"https:\/\/slawatrans.pl\/","logo":{"@type":"ImageObject","inLanguage":"nb-NO","@id":"https:\/\/slawatrans.pl\/#\/schema\/logo\/image\/","url":"https:\/\/slawatrans.pl\/wp-content\/uploads\/SLAWA-TRANS-Logo.png","contentUrl":"https:\/\/slawatrans.pl\/wp-content\/uploads\/SLAWA-TRANS-Logo.png","width":761,"height":227,"caption":"SLAWA TRANS"},"image":{"@id":"https:\/\/slawatrans.pl\/#\/schema\/logo\/image\/"},"sameAs":["https:\/\/www.facebook.com\/profile.php?id=61566796122259"],"description":"Slawa Trans to ekspert w dziedzinie transportu i logistyki, oferuj\u0105cy szerok\u0105 gam\u0119 us\u0142ug dostosowanych do potrzeb najbardziej wymagaj\u0105cych klient\u00f3w. Transport farmaceutyk\u00f3w i nie tylko w temperaturze kontrolowanej.","email":"ela@slawatrans.pl","telephone":"+48 733 806 806","legalName":"SLAWA SP\u00d3\u0141KA Z OGRANICZON\u0104 ODPOWIEDZIALNO\u015aCI\u0104","foundingDate":"2011-03-04","vatID":"5512619509","taxID":"PL5512619509","numberOfEmployees":{"@type":"QuantitativeValue","minValue":"11","maxValue":"50"}}]}},"_links":{"self":[{"href":"https:\/\/slawatrans.pl\/nb\/wp-json\/wp\/v2\/pages\/14976","targetHints":{"allow":["GET"]}}],"collection":[{"href":"https:\/\/slawatrans.pl\/nb\/wp-json\/wp\/v2\/pages"}],"about":[{"href":"https:\/\/slawatrans.pl\/nb\/wp-json\/wp\/v2\/types\/page"}],"author":[{"embeddable":true,"href":"https:\/\/slawatrans.pl\/nb\/wp-json\/wp\/v2\/users\/3"}],"replies":[{"embeddable":true,"href":"https:\/\/slawatrans.pl\/nb\/wp-json\/wp\/v2\/comments?post=14976"}],"version-history":[{"count":3,"href":"https:\/\/slawatrans.pl\/nb\/wp-json\/wp\/v2\/pages\/14976\/revisions"}],"predecessor-version":[{"id":14983,"href":"https:\/\/slawatrans.pl\/nb\/wp-json\/wp\/v2\/pages\/14976\/revisions\/14983"}],"wp:attachment":[{"href":"https:\/\/slawatrans.pl\/nb\/wp-json\/wp\/v2\/media?parent=14976"}],"curies":[{"name":"wp","href":"https:\/\/api.w.org\/{rel}","templated":true}]}}